{"id":3242,"date":"2025-10-20T17:39:08","date_gmt":"2025-10-20T15:39:08","guid":{"rendered":"https:\/\/domainedublancpignon.com\/politica-de-privacidad\/"},"modified":"2025-12-15T09:46:08","modified_gmt":"2025-12-15T08:46:08","slug":"politica-de-privacidad","status":"publish","type":"page","link":"https:\/\/www.domainedublancpignon.com\/es\/politica-de-privacidad\/","title":{"rendered":"Pol\u00edtica de privacidad"},"content":{"rendered":"\n<section class=\"wp-block-group alignfull gt_3-cta_002 page has-background has-link-color wp-elements-a77de1e69ba0ec9467551af066757940 has-global-padding is-layout-constrained wp-container-core-group-is-layout-c048ba62 wp-block-group-is-layout-constrained\" style=\"border-radius:0px;background-color:rgba(255,255,255,1);margin-top:0px;margin-bottom:4rem;padding-top:0rem;padding-right:3.4rem;padding-bottom:4rem;padding-left:3.4rem\">\n<div class=\"wp-block-group alignfull full-width is-vertical is-content-justification-center is-nowrap is-layout-flex wp-container-core-group-is-layout-bce51ee3 wp-block-group-is-layout-flex\" style=\"border-radius:0px;margin-top:0px;margin-right:0px;margin-bottom:0px;margin-left:0px;padding-top:0px;padding-right:0;padding-bottom:0px;padding-left:0\">\n<div class=\"wp-block-group is-vertical is-content-justification-center is-layout-flex wp-container-core-group-is-layout-565fa480 wp-block-group-is-layout-flex\" style=\"margin-top:0px;margin-right:0px;margin-bottom:0px;margin-left:0px;padding-right:15rem;padding-left:15rem\">\n<figure class=\"wp-block-image size-large is-resized blob-image\" style=\"margin-top:0px;margin-right:0px;margin-bottom:2rem;margin-left:0px\"><img decoding=\"async\" width=\"64\" height=\"64\" src=\"https:\/\/domainedublancpignon.com\/wp-content\/uploads\/2025\/10\/vague.svg\" alt=\"ola\" class=\"wp-image-623\" style=\"width:45px\"\/><\/figure>\n\n\n\n<h1 class=\"wp-block-heading has-text-align-center\" style=\"margin-bottom:0rem\">Pol\u00edtica de privacidad<\/h1>\n<\/div>\n\n\n\n<div class=\"wp-block-group wrap animated fadeIn delay-100ms is-layout-flow wp-block-group-is-layout-flow\">\n<p>El PROPIETARIO DEL SITIO WEB quiere informar a los Usuarios y Clientes de su Sitio Web de que la pol\u00edtica llevada a cabo con respecto al tratamiento y la protecci\u00f3n de los datos personales de las personas que utilizan voluntariamente los formularios de contacto para contactar con el PROPIETARIO DEL SITIO WEB, as\u00ed como el acceso a su propio sitio, implica la comunicaci\u00f3n de sus datos personales al PROPIETARIO DEL SITIO WEB.<\/p>\n\n\n\n<ul style=\"padding-left:var(--wp--preset--spacing--30)\" class=\"wp-block-list\">\n<li>Identificaci\u00f3n del responsable del tratamiento. <br\/>El PROPIETARIO DEL SITIO WEB informa al Usuario y al cliente de su Sitio Web de la existencia de un registro automatizado de actividades, de datos personales, donde los datos personales comunicados por el Usuario y el cliente son recogidos y almacenados. Con el fin de gestionar la solicitud.  <br\/>Puede consultar en cualquier momento nuestra Pol\u00edtica de Cookies y Carta de Confidencialidad en este sitio.<\/li>\n\n\n\n<li>Actualizaci\u00f3n de las pol\u00edticas <br\/>El PROPIETARIO DEL SITIO WEB modificar\u00e1 sin previo aviso la pol\u00edtica de privacidad si es necesario, para adaptarla a cualquier modificaci\u00f3n legislativa, reglamentaria, jurisprudencial, administrativa o con el fin de adaptar dicha pol\u00edtica a las instrucciones emitidas por la Agencia de Protecci\u00f3n de Datos. <br\/>Toda modificaci\u00f3n de esta pol\u00edtica ser\u00e1 publicada y anunciada en el sitio del PROPIETARIO DEL SITIO WEB. <br\/>Por todo lo anterior, el PROPIETARIO DEL SITIO WEB recomienda a los usuarios que lean peri\u00f3dicamente estas pol\u00edticas para conocer las modificaciones realizadas.<\/li>\n\n\n\n<li>Objeto del registro de las actividades <br\/>El PROPIETARIO DEL SITIO WEB no solicita informaci\u00f3n a los internautas que lo visitan, \u00fanicamente datos puramente identificativos, por lo tanto, la comunicaci\u00f3n de los datos personales por el usuario al PROPIETARIO DEL SITIO WEB a trav\u00e9s de su sitio Web s\u00f3lo tendr\u00e1 lugar cuando el usuario utilice voluntariamente el formulario de contacto u otros medios de comunicaci\u00f3n para contactar con el PROPIETARIO DEL SITIO WEB, en este caso, el tratamiento de los datos es inevitable e impl\u00edcito al sistema de comunicaci\u00f3n. <br\/>Para estos casos y los descritos en la secci\u00f3n siguiente, la entidad informa al Cliente\/Usuario de que el tratamiento de los datos se realiza con los siguientes fines: ejecutar todos los procedimientos relacionados con la preparaci\u00f3n de los presupuestos, los contratos y la prestaci\u00f3n de los servicios\/prestaciones del PROPIETARIO DEL SITIO WEB, a la sociedad a la que pertenece o, en su caso, a la parte interesada que lo solicite. Adem\u00e1s de responder a las necesidades, a las preguntas de las comunicaciones recibidas y a la prospecci\u00f3n comercial para mantener a los usuarios informados de las posibles promociones. <\/li>\n\n\n\n<li>Consentimiento <br\/>Informamos de que, cuando el Usuario no mantiene relaciones comerciales con el PROPIETARIO DEL SITIO WEB y env\u00eda un correo electr\u00f3nico o una comunicaci\u00f3n al PROPIETARIO DEL SITIO WEB, indicando otros datos personales, dicho Usuario dar\u00e1 su consentimiento libre, expreso, espec\u00edfico e inequ\u00edvoco para el tratamiento de sus datos personales por el PROPIETARIO DEL SITIO WEB, con los objetivos enunciados anteriormente, as\u00ed como para responder a sus mensajes o enviar documentaci\u00f3n. <br\/>Del mismo modo, el PROPIETARIO DEL SITIO WEB informa de que, si el Cliente\/Usuario env\u00eda un email o comunica al PROPIETARIO DEL SITIO WEB sus datos personales debido a la funci\u00f3n que ocupa en una empresa, en calidad de administrador, de gestor, de representante y\/o cualquier otro puesto como persona de contacto en la sociedad, se entender\u00e1 que esta comunicaci\u00f3n implica su consentimiento libre, inequ\u00edvoco, espec\u00edfico, informado y expreso para el tratamiento de sus datos personales por el PROPIETARIO DEL SITIO WEB, a los fines establecidos anteriormente.<\/li>\n\n\n\n<li>Identificaci\u00f3n de los destinatarios para los que el PROPIETARIO DEL SITIO WEB prev\u00e9 el intercambio o el acceso a los datos por cuenta de terceros. <br\/>El PROPIETARIO DEL SITIO WEB \u00fanicamente tiene la intenci\u00f3n de realizar intercambios o accesos de datos que, debido al reglamento (UE) 2016\/679 del Parlamento Europeo y del Consejo del 27 de abril de 2016 (en adelante RGPD) deben realizarse para cumplir sus obligaciones con las Administraciones P\u00fablicas, Organizaciones o personas directamente relacionadas con el PROPIETARIO DEL SITIO WEB, en los casos requeridos conforme a la Legislaci\u00f3n vigente en cada materia y en cada momento o en los casos en que haya consentido expresamente. <br\/>Del mismo modo, el PROPIETARIO DEL SITIO WEB informa al usuario de que cualquier otra transferencia de datos que deba efectuarse se le comunicar\u00e1 como prev\u00e9 el RGPD, inform\u00e1ndole de manera expresa, precisa e inequ\u00edvoca, de los destinatarios de la informaci\u00f3n, de la finalidad a la que se destinar\u00e1n los datos, de la naturaleza de los datos transferidos o, en su caso, cuando el RGPD lo establezca, se solicitar\u00e1 al Usuario previamente el consentimiento espec\u00edfico, inequ\u00edvoco e informado. <br\/>Sin embargo, el PROPIETARIO DEL SITIO WEB informa al Usuario y al Cliente de que todo tratamiento de datos personales est\u00e1 sujeto a la legislaci\u00f3n vigente en Europa con respecto a la protecci\u00f3n de los datos, establecida por la RGPD y sus reglamentos complementarios y de desarrollo. En este sentido, el PROPIETARIO DEL SITIO WEB es el \u00fanico responsable y garantiza la confidencialidad de los datos personales solicitados al usuario a trav\u00e9s del SITIO WEB. <\/li>\n\n\n\n<li>Calidad de los datos <br\/>El PROPIETARIO DEL SITIO WEB advierte al Usuario de que, a excepci\u00f3n de la existencia de una representaci\u00f3n legalmente constituida, ning\u00fan Usuario puede utilizar la identidad de otra persona y comunicar sus datos personales, de modo que el usuario debe en todo momento tener en cuenta que s\u00f3lo puede incluir datos personales correspondientes a su propia identidad y que deben ser apropiados, pertinentes, actuales, exactos y verdaderos. <br\/>A estos efectos, el Usuario ser\u00e1 el \u00fanico responsable de cualquier da\u00f1o, directo y\/o indirecto, causado a terceros o al PROPIETARIO DEL SITIO WEB, por el uso de datos personales de otra persona o de sus propios datos personales si son falsos, err\u00f3neos, obsoletos, inadecuados o no pertinentes. Del mismo modo, el Usuario que utiliza los datos personales de un tercero, ser\u00e1 responsable frente a dicho tercero en virtud de la obligaci\u00f3n de informaci\u00f3n especificada en el RGPD en caso de no obtenci\u00f3n de los datos personales de la persona interesada y\/o de las consecuencias de no haberle informado. <\/li>\n\n\n\n<li>Ejercicio de los derechos de acceso, de rectificaci\u00f3n, de limitaci\u00f3n del tratamiento, de portabilidad, de cancelaci\u00f3n, de oposici\u00f3n al tratamiento y de supresi\u00f3n de los datos <br\/>El PROPIETARIO DEL SITIO WEB informa al Usuario de la posibilidad de ejercer sus derechos de acceso, de rectificaci\u00f3n, de limitaci\u00f3n del tratamiento, de portabilidad, de oposici\u00f3n al tratamiento y de supresi\u00f3n de sus datos, as\u00ed como el derecho de presentar una reclamaci\u00f3n a la Autoridad de Control por escrito al PROPIETARIO DEL SITIO WEB a la direcci\u00f3n postal o electr\u00f3nica mencionadas anteriormente, adjuntando en ambos casos una copia del documento de identidad.<\/li>\n\n\n\n<li>Utilizaci\u00f3n de formularios para la recogida de datos personales <br\/>En los formularios de contacto existentes en el SITIO Web, donde se recogen datos personales, el Usuario debe consentir expresamente antes de enviarlos, a la aceptaci\u00f3n y el conocimiento de la pol\u00edtica de privacidad completando el control \u00abHe le\u00eddo y acepto la pol\u00edtica\/carta de confidencialidad\u00bb, cuyo contenido es accesible a trav\u00e9s del enlace adjunto que permite acceder a las presentes Menciones Legales y\/o Carta de Confidencialidad. Si el campo de verificaci\u00f3n (check) no est\u00e1 marcado por el Usuario, los datos contenidos en estos formularios no ser\u00e1n enviados. <\/li>\n\n\n\n<li>Medidas de seguridad adoptadas en relaci\u00f3n con el tratamiento de los datos personales <br\/>El PROPIETARIO DEL SITIO WEB informa al usuario de que, conforme a las disposiciones del RGPD, ha adoptado las medidas t\u00e9cnicas y organizativas necesarias para garantizar la seguridad de los datos personales y evitar cualquier alteraci\u00f3n, p\u00e9rdida, tratamiento o acceso no autorizado, teniendo en cuenta el estado de la tecnolog\u00eda, la naturaleza de los datos almacenados y los riesgos a los que est\u00e1n expuestos. Del mismo modo, el PROPIETARIO DEL SITIO WEB se compromete, con respecto a los usuarios, a respetar sus obligaciones en materia de secreto profesional con respecto a los datos personales de dichos usuarios, as\u00ed como sus obligaciones de salvaguarda de dichos datos. <\/li>\n\n\n\n<li>Informaci\u00f3n complementaria sobre la pol\u00edtica de privacidad. <br\/>Si desea obtener m\u00e1s informaci\u00f3n sobre nuestra pol\u00edtica de privacidad, puede hacer clic en los enlaces que se encuentran al pie de p\u00e1gina \u201cPol\u00edtica\/Carta de confidencialidad\u201c y \u201cPol\u00edtica de Cookies\u201d de nuestro sitio Web.<\/li>\n<\/ul>\n\n\n\n<div style=\"height:5px\" aria-hidden=\"true\" class=\"wp-block-spacer gt-hide-mobile\"><\/div>\n\n\n\n<p>PROPIEDAD INTELECTUAL E INDUSTRIAL <br\/>En virtud de las disposiciones de la legislaci\u00f3n vigente que rige la Propiedad Intelectual, est\u00e1n expresamente prohibidos; la reproducci\u00f3n, la distribuci\u00f3n y la comunicaci\u00f3n p\u00fablica (incluido su modo de puesta a disposici\u00f3n) de la totalidad o de una parte de los contenidos, tales como; textos, fotograf\u00edas, gr\u00e1ficos, im\u00e1genes, iconos, tecnolog\u00eda, software, as\u00ed como su grafismo y c\u00f3digos fuente, con fines comerciales, en cualquier soporte y por cualquier medio t\u00e9cnico, sin la autorizaci\u00f3n del PROPIETARIO DEL SITIO WEB. <br\/>Todos los contenidos del Sitio WEB constituyen la propiedad del PROPIETARIO DEL SITIO WEB, sin que puedan ser considerados como cedidos al usuario ninguno de los derechos de explotaci\u00f3n sobre los mismos, m\u00e1s all\u00e1 de lo que es estrictamente necesario para una utilizaci\u00f3n correcta del Sitio Web.<\/p>\n\n\n\n<p>En definitiva, los Usuarios que acceden a este Sitio Web pueden consultar el contenido y, en su caso, efectuar copias privadas autorizadas a condici\u00f3n de que los elementos reproducidos no sean transferidos ulteriormente a terceros, ni instalados en servidores conectados a redes, ni sean objeto de ning\u00fan tipo de explotaci\u00f3n comercial.<\/p>\n\n\n\n<p>Adem\u00e1s, todas las marcas, nombres comerciales o signos distintivos de cualquier naturaleza que aparecen en el sitio Web son propiedad del PROPIETARIO DEL SITIO WEB, sin que pueda ser considerado que la utilizaci\u00f3n o el acceso al mismo atribuye al usuario un derecho cualquiera sobre ellos.<\/p>\n\n\n\n<p>La integraci\u00f3n de un enlace hipertexto no implica en ning\u00fan caso la existencia de relaciones entre el PROPIETARIO DEL SITIO WEB y el propietario del sitio web que lo integra, ni la aceptaci\u00f3n y la aprobaci\u00f3n por el PROPIETARIO DEL SITIO WEB de sus contenidos o servicios. Las personas que tienen la intenci\u00f3n de establecer un enlace hipertexto deben solicitar previamente la autorizaci\u00f3n por escrito al PROPIETARIO DEL SITIO WEB. En todos los casos, el enlace hipertexto permitir\u00e1 \u00fanicamente acceder a la home-page o p\u00e1gina de inicio de nuestro Sitio Web, y deber\u00e1n tambi\u00e9n abstenerse de toda declaraci\u00f3n o indicaci\u00f3n falsa, inexacta, incorrecta sobre EL PROPIETARIO DEL SITIO WEB o de incluir contenidos ilegales y\/o il\u00edcitos contrarios a las buenas costumbres y al orden p\u00fablico. El PROPIETARIO DEL SITIO WEB no ser\u00e1 considerado responsable de la utilizaci\u00f3n que cada Usuario d\u00e9 a las informaciones puestas a disposici\u00f3n en este sitio o a las acciones que efect\u00fae en funci\u00f3n de las mismas.   <\/p>\n\n\n\n<div style=\"height:5px\" aria-hidden=\"true\" class=\"wp-block-spacer gt-hide-mobile\"><\/div>\n\n\n\n<p>EXCLUSI\u00d3N DE GARANT\u00cdAS Y DE RESPONSABILIDAD <br\/>El contenido de este sitio web es de naturaleza general y tiene un fin puramente informativo, sin garantizar plenamente el acceso a todos los contenidos, su exhaustividad, su exactitud, su validez o actualizaci\u00f3n, o su pertinencia o utilidad con un fin espec\u00edfico.<\/p>\n\n\n\n<p>El PROPIETARIO DEL SITIO WEB excluye, en la medida permitida por la ley, toda responsabilidad por todos los da\u00f1os y perjuicios derivados de:<\/p>\n\n\n\n<ul style=\"padding-left:var(--wp--preset--spacing--30)\" class=\"wp-block-list\">\n<li>La imposibilidad de acceder al Sitio Web o la falta de veracidad, de exactitud, de exhaustividad y\/o de actualidad de los contenidos, as\u00ed como la existencia de vicios y de defectos de cualquier tipo que sean de los contenidos transmitidos, difundidos, almacenados, puestos a disposici\u00f3n, a los que se accede a trav\u00e9s del Sitio Web o los servicios ofrecidos.<\/li>\n\n\n\n<li>La presencia de virus o de otros elementos en los contenidos susceptibles de provocar alteraciones en los sistemas inform\u00e1ticos, los documentos electr\u00f3nicos o los datos de los Usuarios.<\/li>\n\n\n\n<li>El incumplimiento de las leyes, de la buena fe, del orden p\u00fablico, de los usos del tr\u00e1fico y de estas menciones legales tras una mala utilizaci\u00f3n del sitio. En particular, y a t\u00edtulo de ejemplo, el PROPIETARIO DEL SITIO WEB no es responsable de las acciones de terceros que violan los derechos de propiedad intelectual e industrial, los secretos comerciales, los derechos al honor, la vida privada y familiar y la imagen personal, as\u00ed como la reglamentaci\u00f3n sobre la competencia desleal y la publicidad il\u00edcita. <\/li>\n<\/ul>\n\n\n\n<div style=\"height:5px\" aria-hidden=\"true\" class=\"wp-block-spacer gt-hide-mobile\"><\/div>\n\n\n\n<p>MODIFICACI\u00d3N DE LAS PRESENTES MENCIONES LEGALES <br\/>El PROPIETARIO DEL SITIO WEB podr\u00e1 modificar en cualquier momento, a su entera discreci\u00f3n, las condiciones aqu\u00ed especificadas publicando debidamente toda actualizaci\u00f3n y\/o modificaci\u00f3n en su sitio web. <br\/>Estas condiciones ser\u00e1n v\u00e1lidas durante su per\u00edodo de publicaci\u00f3n y hasta que hayan sido modificadas o reemplazadas por otras debidamente publicadas.<\/p>\n\n\n\n<div style=\"height:5px\" aria-hidden=\"true\" class=\"wp-block-spacer gt-hide-mobile\"><\/div>\n\n\n\n<p>ENLACES <br\/>El PROPIETARIO DEL SITIO WEB declina toda responsabilidad con respecto a las informaciones que se encuentran fuera de este Sitio Web y que no son gestionadas directamente por nuestro webmaster. La funci\u00f3n de los enlaces que aparecen en este sitio, sirve exclusivamente para informar al usuario de la existencia de otras fuentes susceptibles de ampliar los contenidos propuestos por este Sitio Web.  <br\/>El PROPIETARIO DEL SITIO WEB no garantiza ni es responsable del funcionamiento o de la accesibilidad de los sitios enlazados. Ni sugiere, invita o recomienda la visita de los mismos, por lo que no ser\u00e1 responsable del resultado obtenido. El PROPIETARIO DEL SITIO WEB no es responsable de la creaci\u00f3n de enlaces hipertextos por terceros.  <\/p>\n\n\n\n<div style=\"height:5px\" aria-hidden=\"true\" class=\"wp-block-spacer gt-hide-mobile\"><\/div>\n\n\n\n<p>DERECHO DE EXCLUSI\u00d3N <br\/>El PROPIETARIO DEL SITIO WEB se reserva el derecho de rechazar o de retirar el acceso al portal y\/o a los servicios ofrecidos sin previo aviso, a su propia solicitud o a la de un tercero, a los Usuarios que no se conforman a las presentes Condiciones Generales de Utilizaci\u00f3n SITIO WEB.<\/p>\n\n\n\n<div style=\"height:5px\" aria-hidden=\"true\" class=\"wp-block-spacer gt-hide-mobile\"><\/div>\n\n\n\n<p>GENERAL <br\/>En el caso de que un Usuario o un tercero estime que existen hechos o circunstancias que revelan el car\u00e1cter il\u00edcito de la utilizaci\u00f3n de cualquier contenido y\/o de la ejecuci\u00f3n de cualquier actividad en el SITIO WEB del PROPIETARIO integradas o accesibles a trav\u00e9s del Sitio Web, deber\u00e1 enviar una notificaci\u00f3n al PROPIETARIO DEL SITIO WEB, identific\u00e1ndose debidamente, especificando las infracciones presuntas e indicando expresamente y bajo su responsabilidad que las informaciones proporcionadas en la notificaci\u00f3n son exactas.<\/p>\n\n\n\n<div style=\"height:5px\" aria-hidden=\"true\" class=\"wp-block-spacer gt-hide-mobile\"><\/div>\n\n\n\n<p>PUBLICACIONES <br\/>Las informaciones administrativas proporcionadas en el Sitio WEB no reemplazan la publicaci\u00f3n legal de las leyes, reglamentaciones, planes, disposiciones generales y actos que deben ser publicados oficialmente en los diarios oficiales de las administraciones p\u00fablicas, que constituyen el \u00fanico instrumento que certifica su autenticidad y su contenido. Las informaciones disponibles en este sitio Web deben ser entendidas como una gu\u00eda. <\/p>\n\n\n\n<div style=\"height:5px\" aria-hidden=\"true\" class=\"wp-block-spacer gt-hide-mobile\"><\/div>\n\n\n\n<p>LITIGIOS <br\/>Todos los litigios a los que las operaciones de compra y de venta concluidas podr\u00edan dar lugar, con respecto tanto a su validez, su interpretaci\u00f3n, su ejecuci\u00f3n, su rescisi\u00f3n, sus consecuencias y sus resultados y que no hubieran podido ser resueltos entre el Prestador y el Cliente ser\u00e1n sometidos a los tribunales competentes en las condiciones de derecho com\u00fan. <br\/>Se informa al Cliente de que puede en todo caso recurrir, en caso de impugnaci\u00f3n, a un procedimiento de mediaci\u00f3n convencional o a cualquier otro modo alternativo de resoluci\u00f3n de los litigios. <br\/>Puede en particular recurrir gratuitamente al Mediador del Consumo.<\/p>\n\n\n\n<div style=\"height:5px\" aria-hidden=\"true\" class=\"wp-block-spacer gt-hide-mobile\"><\/div>\n\n\n\n<p>DERECHO APLICABLE Y JURISDICCI\u00d3N <br\/>Estas condiciones ser\u00e1n regidas o interpretadas conforme a la legislaci\u00f3n francesa en los \u00e1mbitos que no est\u00e1n expresamente establecidos. El PROPIETARIO DEL SITIO WEB y el Usuario aceptan someter cualquier litigio que pueda derivarse de la provisi\u00f3n de los productos o servicios sometidos a las presentes Condiciones, a los tribunales y cortes del lugar de residencia del Usuario. <\/p>\n\n\n\n<p>En el caso de que el usuario tenga su domicilio fuera de Francia, el PROPIETARIO DEL SITIO WEB y el usuario renuncian expresamente a cualquier otra jurisdicci\u00f3n, someti\u00e9ndose a los tribunales y cortes de domicilio del PROPIETARIO DEL SITIO WEB.<\/p>\n<\/div>\n<\/div>\n<\/section>\n","protected":false},"excerpt":{"rendered":"<p>Pol\u00edtica de privacidad El PROPIETARIO DEL SITIO WEB quiere informar a los Usuarios y Clientes de su Sitio Web de que la pol\u00edtica llevada a cabo con respecto al tratamiento y la protecci\u00f3n de los datos personales de las personas que utilizan voluntariamente los formularios de contacto para contactar con el PROPIETARIO DEL SITIO WEB, [&hellip;]<\/p>\n","protected":false},"author":1,"featured_media":3244,"parent":0,"menu_order":0,"comment_status":"closed","ping_status":"closed","template":"","meta":{"_acf_changed":false,"_seopress_robots_primary_cat":"","_seopress_titles_title":"%%post_title%% %%sep%% %%sitetitle%%","_seopress_titles_desc":"%%post_excerpt%%","_seopress_robots_index":"s\u00ed","_gt_ctv_global_id":"","_gt_ctv_id_group":false,"inline_featured_image":false,"gt_fse_maillage_image":"https:\/\/domainedublancpignon.com\/wp-content\/uploads\/2025\/11\/politique-de-confidentialite-domaine-du-blanc-pignon-la-calotterie.jpg","gt_fse_maillage_titre":"Pol\u00edtica de privacidad","gt_fse_maillage_alt":"pol\u00edtica de privacidad domaine du blanc pignon la calotterie","gt_fse_maillage_resume":"","footnotes":""},"categories":[],"tags":[],"class_list":["post-3242","page","type-page","status-publish","has-post-thumbnail","hentry"],"acf":[],"_links":{"self":[{"href":"https:\/\/www.domainedublancpignon.com\/es\/wp-json\/wp\/v2\/pages\/3242","targetHints":{"allow":["GET"]}}],"collection":[{"href":"https:\/\/www.domainedublancpignon.com\/es\/wp-json\/wp\/v2\/pages"}],"about":[{"href":"https:\/\/www.domainedublancpignon.com\/es\/wp-json\/wp\/v2\/types\/page"}],"author":[{"embeddable":true,"href":"https:\/\/www.domainedublancpignon.com\/es\/wp-json\/wp\/v2\/users\/1"}],"replies":[{"embeddable":true,"href":"https:\/\/www.domainedublancpignon.com\/es\/wp-json\/wp\/v2\/comments?post=3242"}],"version-history":[{"count":1,"href":"https:\/\/www.domainedublancpignon.com\/es\/wp-json\/wp\/v2\/pages\/3242\/revisions"}],"predecessor-version":[{"id":3246,"href":"https:\/\/www.domainedublancpignon.com\/es\/wp-json\/wp\/v2\/pages\/3242\/revisions\/3246"}],"wp:featuredmedia":[{"embeddable":true,"href":"https:\/\/www.domainedublancpignon.com\/es\/wp-json\/wp\/v2\/media\/3244"}],"wp:attachment":[{"href":"https:\/\/www.domainedublancpignon.com\/es\/wp-json\/wp\/v2\/media?parent=3242"}],"wp:term":[{"taxonomy":"category","embeddable":true,"href":"https:\/\/www.domainedublancpignon.com\/es\/wp-json\/wp\/v2\/categories?post=3242"},{"taxonomy":"post_tag","embeddable":true,"href":"https:\/\/www.domainedublancpignon.com\/es\/wp-json\/wp\/v2\/tags?post=3242"}],"curies":[{"name":"wp","href":"https:\/\/api.w.org\/{rel}","templated":true}]}}