{"id":3114,"date":"2025-10-20T17:39:17","date_gmt":"2025-10-20T15:39:17","guid":{"rendered":"https:\/\/domainedublancpignon.com\/aviso-legal\/"},"modified":"2025-12-15T09:45:42","modified_gmt":"2025-12-15T08:45:42","slug":"aviso-legal","status":"publish","type":"page","link":"https:\/\/www.domainedublancpignon.com\/es\/aviso-legal\/","title":{"rendered":"Aviso legal"},"content":{"rendered":"\n<section class=\"wp-block-group alignfull gt_3-cta_002 page has-background has-link-color wp-elements-6ab9e7e09a66ac74704a6ee5137fcc02 has-global-padding is-layout-constrained wp-container-core-group-is-layout-c048ba62 wp-block-group-is-layout-constrained\" style=\"border-radius:0px;background-color:rgba(255,255,255,1);margin-top:0px;margin-bottom:4rem;padding-top:0rem;padding-right:3.4rem;padding-bottom:4rem;padding-left:3.4rem\">\n<div class=\"wp-block-group alignfull full-width is-vertical is-content-justification-center is-nowrap is-layout-flex wp-container-core-group-is-layout-bce51ee3 wp-block-group-is-layout-flex\" style=\"border-radius:0px;margin-top:0px;margin-right:0px;margin-bottom:0px;margin-left:0px;padding-top:0px;padding-right:0;padding-bottom:0px;padding-left:0\">\n<div class=\"wp-block-group is-vertical is-content-justification-center is-layout-flex wp-container-core-group-is-layout-565fa480 wp-block-group-is-layout-flex\" style=\"margin-top:0px;margin-right:0px;margin-bottom:0px;margin-left:0px;padding-right:15rem;padding-left:15rem\">\n<figure class=\"wp-block-image size-large is-resized blob-image\" style=\"margin-top:0px;margin-right:0px;margin-bottom:2rem;margin-left:0px\"><img decoding=\"async\" width=\"64\" height=\"64\" src=\"https:\/\/domainedublancpignon.com\/wp-content\/uploads\/2025\/10\/vague.svg\" alt=\"ola\" class=\"wp-image-623\" style=\"width:45px\"\/><\/figure>\n\n\n\n<h1 class=\"wp-block-heading has-text-align-center\" style=\"margin-bottom:0rem\">Aviso legal<\/h1>\n<\/div>\n\n\n\n<div class=\"wp-block-group wrap animated fadeIn delay-100ms is-layout-flow wp-block-group-is-layout-flow\">\n<h2 class=\"wp-block-heading\">IDENTIFICACI\u00d3N<\/h2>\n\n\n\n<p>El presente aviso legal regula el uso del sitio www.domainedublancpignon.com (en adelante, EL SITIO WEB), propiedad de sas Domaine du blanc Pignon (en adelante, PROPIETARIO DEL SITIO WEB).<\/p>\n\n\n\n<p>EL PROPIETARIO DEL SITIO WEB, en cumplimiento de la Ley 34\/2002, de 11 de julio, de servicios de la sociedad de la informaci\u00f3n y de comercio electr\u00f3nico, le informa:<\/p>\n\n\n\n<ul style=\"padding-left:var(--wp--preset--spacing--30)\" class=\"wp-block-list\">\n<li>Director de la publicaci\u00f3n: DEBUT Delphine<\/li>\n\n\n\n<li>Raz\u00f3n social: sas Domaine du blanc Pignon<\/li>\n\n\n\n<li>Nombre comercial: Domaine du Blanc Pignon<\/li>\n\n\n\n<li>N.\u00ba de SIRET: 80903622100020<\/li>\n\n\n\n<li>N.\u00ba IVA: FR89809036221<\/li>\n\n\n\n<li>Correo electr\u00f3nico: contact@domainedublancpignon.com<\/li>\n<\/ul>\n\n\n\n<p>Todas las notificaciones y comunicaciones entre los Usuarios y el PROPIETARIO DEL SITIO WEB se considerar\u00e1n v\u00e1lidas, a todos los efectos, cuando se realicen por correo postal o correo electr\u00f3nico a la direcci\u00f3n detallada anteriormente.<\/p>\n\n\n\n<div style=\"height:5px\" aria-hidden=\"true\" class=\"wp-block-spacer gt-hide-mobile\"><\/div>\n\n\n\n<h2 class=\"wp-block-heading\">Sitio web<\/h2>\n\n\n\n<p><strong>GEEK TONIC<\/strong> <br\/>Representada por M. Yohan Darmayan en su calidad de Gerente <br\/>Domicilio social: 16 CHEMIN DE SABALCE 64100 BAYONNE <br\/>Tel.: 05 32 74 11 53 <br\/>Correo electr\u00f3nico: support@geek-tonic.com <br\/>Sitio web <a href=\"https:\/\/www.geek-tonic.com\/\" target=\"_blank\" rel=\"noreferrer noopener\">www.geek-tonic.com<\/a> <br\/>SIRET: 89746755100031 <br\/>APE: 6201Z<\/p>\n\n\n\n<div style=\"height:5px\" aria-hidden=\"true\" class=\"wp-block-spacer gt-hide-mobile\"><\/div>\n\n\n\n<p>USUARIOS <br\/>El acceso y\/o uso del SITIO WEB atribuye la condici\u00f3n de USUARIO, que acepta, como consecuencia de dicho acceso y\/o uso, las Condiciones Generales de Uso establecidas a continuaci\u00f3n. Las condiciones citadas deber\u00e1n aplicarse independientemente de las Condiciones Generales de Venta que, en su caso, sean de obligado cumplimiento. <\/p>\n\n\n\n<p>UTILIZACI\u00d3N DEL SITIO WEB <br\/>El Sitio Web y sus servicios son de acceso libre y gratuito; no obstante, el PROPIETARIO DEL SITIO WEB condiciona la utilizaci\u00f3n de algunos de los servicios ofrecidos en su sitio Web a la previa cumplimentaci\u00f3n del formulario correspondiente, con el fin de convertirse en Usuario del SITIO WEB.<\/p>\n\n\n\n<p>El Usuario garantiza la autenticidad y actualidad de todos los datos comunicados al PROPIETARIO DEL SITIO WEB y ser\u00e1 el \u00fanico responsable de las declaraciones falsas o inexactas.<\/p>\n\n\n\n<p>El Usuario acepta expresamente hacer un uso adecuado de los contenidos y servicios del PROPIETARIO DEL SITIO WEB y no emplearlos para, entre otros:<\/p>\n\n\n\n<ul style=\"padding-left:var(--wp--preset--spacing--30)\" class=\"wp-block-list\">\n<li>Difundir contenidos delictivos, violentos, pornogr\u00e1ficos, racistas, xen\u00f3fobos, ofensivos, que hagan apolog\u00eda del terrorismo o, en general, contrarios a la ley o al orden p\u00fablico.<\/li>\n\n\n\n<li>Introducir virus inform\u00e1ticos en la red o realizar acciones susceptibles de alterar, modificar, interrumpir o generar errores o da\u00f1os en los documentos electr\u00f3nicos, datos o sistemas f\u00edsicos y l\u00f3gicos del PROPIETARIO DEL SITIO WEB o de un tercero; as\u00ed como impedir a otros usuarios acceder al Sitio Web y a sus servicios mediante el consumo masivo de recursos inform\u00e1ticos a trav\u00e9s de los cuales el PROPIETARIO DEL SITIO WEB presta sus servicios.<\/li>\n\n\n\n<li>Intentar acceder a las cuentas de correo electr\u00f3nico de otros usuarios o a las zonas de acceso restringido de los sistemas inform\u00e1ticos del PROPIETARIO DEL SITIO WEB o de un tercero y, en su caso, extraer informaci\u00f3n.<\/li>\n\n\n\n<li>Vulnerar los derechos de propiedad intelectual o industrial, as\u00ed como violar la confidencialidad de la informaci\u00f3n del PROPIETARIO DEL SITIO WEB o de un tercero.<\/li>\n\n\n\n<li>Suplantar la identidad de otro usuario, de administraciones p\u00fablicas o de un tercero.<\/li>\n\n\n\n<li>Reproducir, copiar, distribuir, poner a disposici\u00f3n o comunicar p\u00fablicamente, transformar o modificar los contenidos, a menos que cuente con la autorizaci\u00f3n del titular de los derechos correspondientes o est\u00e9 legalmente permitido.<\/li>\n\n\n\n<li>Recopilar datos con fines publicitarios y enviar publicidad de cualquier tipo y comunicaciones comerciales o de otra \u00edndole, sin haber obtenido previamente la autorizaci\u00f3n.<\/li>\n<\/ul>\n\n\n\n<div style=\"height:5px\" aria-hidden=\"true\" class=\"wp-block-spacer gt-hide-mobile\"><\/div>\n<\/div>\n<\/div>\n<\/section>\n","protected":false},"excerpt":{"rendered":"<p>Aviso legal IDENTIFICACI\u00d3N El presente aviso legal regula el uso del sitio www.domainedublancpignon.com (en adelante, EL SITIO WEB), propiedad de sas Domaine du blanc Pignon (en adelante, PROPIETARIO DEL SITIO WEB). EL PROPIETARIO DEL SITIO WEB, en cumplimiento de la Ley 34\/2002, de 11 de julio, de servicios de la sociedad de la informaci\u00f3n y [&hellip;]<\/p>\n","protected":false},"author":1,"featured_media":3119,"parent":0,"menu_order":0,"comment_status":"closed","ping_status":"closed","template":"","meta":{"_acf_changed":false,"_seopress_robots_primary_cat":"","_seopress_titles_title":"Aviso legal","_seopress_titles_desc":"","_seopress_robots_index":"s\u00ed","_gt_ctv_global_id":"","_gt_ctv_id_group":false,"inline_featured_image":false,"gt_fse_maillage_image":"https:\/\/domainedublancpignon.com\/wp-content\/uploads\/2025\/11\/mentions-legales-domaine-du-blanc-pignon-la-calotterie.jpg","gt_fse_maillage_titre":"Aviso legal","gt_fse_maillage_alt":"aviso legal domaine du blanc pignon la calotterie","gt_fse_maillage_resume":"","footnotes":""},"categories":[],"tags":[],"class_list":["post-3114","page","type-page","status-publish","has-post-thumbnail","hentry"],"acf":[],"_links":{"self":[{"href":"https:\/\/www.domainedublancpignon.com\/es\/wp-json\/wp\/v2\/pages\/3114","targetHints":{"allow":["GET"]}}],"collection":[{"href":"https:\/\/www.domainedublancpignon.com\/es\/wp-json\/wp\/v2\/pages"}],"about":[{"href":"https:\/\/www.domainedublancpignon.com\/es\/wp-json\/wp\/v2\/types\/page"}],"author":[{"embeddable":true,"href":"https:\/\/www.domainedublancpignon.com\/es\/wp-json\/wp\/v2\/users\/1"}],"replies":[{"embeddable":true,"href":"https:\/\/www.domainedublancpignon.com\/es\/wp-json\/wp\/v2\/comments?post=3114"}],"version-history":[{"count":1,"href":"https:\/\/www.domainedublancpignon.com\/es\/wp-json\/wp\/v2\/pages\/3114\/revisions"}],"predecessor-version":[{"id":3121,"href":"https:\/\/www.domainedublancpignon.com\/es\/wp-json\/wp\/v2\/pages\/3114\/revisions\/3121"}],"wp:featuredmedia":[{"embeddable":true,"href":"https:\/\/www.domainedublancpignon.com\/es\/wp-json\/wp\/v2\/media\/3119"}],"wp:attachment":[{"href":"https:\/\/www.domainedublancpignon.com\/es\/wp-json\/wp\/v2\/media?parent=3114"}],"wp:term":[{"taxonomy":"category","embeddable":true,"href":"https:\/\/www.domainedublancpignon.com\/es\/wp-json\/wp\/v2\/categories?post=3114"},{"taxonomy":"post_tag","embeddable":true,"href":"https:\/\/www.domainedublancpignon.com\/es\/wp-json\/wp\/v2\/tags?post=3114"}],"curies":[{"name":"wp","href":"https:\/\/api.w.org\/{rel}","templated":true}]}}